{"id":136,"date":"2015-03-24T16:12:24","date_gmt":"2015-03-24T15:12:24","guid":{"rendered":"http:\/\/www.easysardinia.net\/?page_id=136"},"modified":"2021-02-20T09:47:09","modified_gmt":"2021-02-20T08:47:09","slug":"biglietti-traghetto","status":"publish","type":"page","link":"http:\/\/www.easysardinia.net\/index.php\/biglietti-traghetto\/","title":{"rendered":"Aquarius Travel &#8211; Chi Siamo"},"content":{"rendered":"<p><strong><a href=\"http:\/\/www.easysardinia.net\/wp-content\/uploads\/2015\/03\/logo_aquarius_1.png\"><img loading=\"lazy\" class=\"size-full wp-image-108 alignleft\" src=\"http:\/\/www.easysardinia.net\/wp-content\/uploads\/2015\/03\/logo_aquarius_1.png\" alt=\"\" width=\"150\" height=\"150\" srcset=\"http:\/\/www.easysardinia.net\/wp-content\/uploads\/2015\/03\/logo_aquarius_1.png 150w, http:\/\/www.easysardinia.net\/wp-content\/uploads\/2015\/03\/logo_aquarius_1-126x126.png 126w\" sizes=\"(max-width: 150px) 100vw, 150px\" \/><\/a>Aquarius Travel<\/strong>, fondata nel <strong>1997<\/strong>, \u00e8 passione per il viaggio e per la nostra terra, la <strong>Sardegna<\/strong>.<\/p>\n<p>Nel tempo abbiamo saputo costruire un&#8217;ampia rete di clienti, conquistandone la <strong>fiducia<\/strong>, proponendo sempre le soluzioni tecnicamente ed economicamente pi\u00f9 <strong>vantaggiose<\/strong>. Nei nostri uffici troverete la <strong>disponibilit\u00e0<\/strong> e <strong>professionalit\u00e0<\/strong> di uno <strong>staff qualificato e<\/strong> <strong>multilingue<\/strong> che vi aiuter\u00e0 nella scelta giusta per le <strong>vostre vacanze<\/strong>.<\/p>\n<div id=\"attachment_2230\" style=\"width: 280px\" class=\"wp-caption alignright\"><a href=\"http:\/\/www.easysardinia.net\/wp-content\/uploads\/2021\/02\/foto-gruppo-aquarius.jpeg\"><img aria-describedby=\"caption-attachment-2230\" loading=\"lazy\" class=\"wp-image-2230\" src=\"http:\/\/www.easysardinia.net\/wp-content\/uploads\/2021\/02\/foto-gruppo-aquarius.jpeg\" alt=\"\" width=\"270\" height=\"268\" srcset=\"http:\/\/www.easysardinia.net\/wp-content\/uploads\/2021\/02\/foto-gruppo-aquarius.jpeg 1024w, http:\/\/www.easysardinia.net\/wp-content\/uploads\/2021\/02\/foto-gruppo-aquarius-300x297.jpeg 300w, http:\/\/www.easysardinia.net\/wp-content\/uploads\/2021\/02\/foto-gruppo-aquarius-150x150.jpeg 150w, http:\/\/www.easysardinia.net\/wp-content\/uploads\/2021\/02\/foto-gruppo-aquarius-768x761.jpeg 768w, http:\/\/www.easysardinia.net\/wp-content\/uploads\/2021\/02\/foto-gruppo-aquarius-126x126.jpeg 126w\" sizes=\"(max-width: 270px) 100vw, 270px\" \/><\/a><p id=\"caption-attachment-2230\" class=\"wp-caption-text\"><em>Lo staff di Aquarius Travel<\/em><\/p><\/div>\n<p>Siamo in grado di fornire <strong>biglietteria<\/strong> multi compagnia per tutte le linee marittime del Mediterraneo: Da noi potrai <strong>prenotare i traghetti<\/strong> per le isole e per le principali destinazioni costiere compilando un semplice Form. Siamo specializzati nella <strong>biglietteria marittima<\/strong> da oltre 15 anni, questo significa che la nostra esperienza nel settore ci permette di garantirvi un\u2019<strong>offerta<\/strong> <strong>chiara<\/strong>, un\u2019<strong>assistenza qualificata<\/strong> e un servizio di prenotazione <strong>semplice<\/strong> e <strong>completo<\/strong>. Le tariffe che proponiamo sono quelle ufficiali applicate delle stesse societ\u00e0 armatoriali e, in molti casi, grazie a particolari accordi con le compagnie di navigazione, <strong>possiamo proporre<\/strong> a chi prenota un soggiorno presso le nostre strutture <strong>tariffe riservate particolarmente vantaggiose<\/strong>!<br \/><br \/><\/p>\n<h1><a href=\"http:\/\/www.easysardinia.net\/wp-content\/uploads\/2015\/03\/logo_aquarius_1.png\"><img loading=\"lazy\" class=\" wp-image-108 alignleft\" src=\"http:\/\/www.easysardinia.net\/wp-content\/uploads\/2015\/03\/logo_aquarius_1.png\" alt=\"\" width=\"39\" height=\"39\" srcset=\"http:\/\/www.easysardinia.net\/wp-content\/uploads\/2015\/03\/logo_aquarius_1.png 150w, http:\/\/www.easysardinia.net\/wp-content\/uploads\/2015\/03\/logo_aquarius_1-126x126.png 126w\" sizes=\"(max-width: 39px) 100vw, 39px\" \/><\/a>I nostri servizi<\/h1>\n<p><strong><br \/>\u00b7<\/strong> Biglietteria Marittima nazionale con le migliori compagnie di navigazione<br \/><strong>.<\/strong> Crociere<br \/><strong>\u00b7<\/strong> Proposte dei migliori Tour Operators presenti sul mercato del Turismo<br \/><strong>.<\/strong> Viaggi Individuali e Viaggi di Gruppo (Villaggi, Tours, pacchetti weekend.)<br \/><strong>\u00b7<\/strong> Viaggi di Nozze<br \/><strong>\u00b7<\/strong> Biglietteria Aerea nazionale ed internazionale per voli di linea, per voli charter per i principali voli low cost<br \/><strong>\u00b7<\/strong> Servizio di Prenotazioni Alberghiere con i pi\u00f9 affidabili e concorrenziali fornitori<br \/><strong>\u00b7<\/strong> Servizio di emissione di Polizze Assicurative Turistiche<br \/><strong>\u00b7<\/strong> Servizio di Liste Nozze<br \/><strong>\u00b7<\/strong> Servizio di Liste Regalo<br \/><br \/><\/p>\n<h1><a href=\"http:\/\/www.easysardinia.net\/wp-content\/uploads\/2015\/03\/logo_aquarius_1.png\"><img loading=\"lazy\" class=\"alignleft wp-image-108\" src=\"http:\/\/www.easysardinia.net\/wp-content\/uploads\/2015\/03\/logo_aquarius_1.png\" alt=\"\" width=\"39\" height=\"39\" srcset=\"http:\/\/www.easysardinia.net\/wp-content\/uploads\/2015\/03\/logo_aquarius_1.png 150w, http:\/\/www.easysardinia.net\/wp-content\/uploads\/2015\/03\/logo_aquarius_1-126x126.png 126w\" sizes=\"(max-width: 39px) 100vw, 39px\" \/><\/a>Contatti<\/h1>\n<p><br \/>Via Nazionale 24, <strong>Palau<\/strong> (SS), 07020<br \/><strong>Tel<\/strong>.: 0789709676 &#8211; <strong>Cell<\/strong>.: 3341281512 &#8211; <strong>Email<\/strong>: info@aquariustravel.it<br \/><br \/><\/p>\n<p><strong><a href=\"http:\/\/www.easysardinia.net\/wp-content\/uploads\/2015\/03\/logo_aquarius_1.png\"><img loading=\"lazy\" class=\"alignleft wp-image-108\" src=\"http:\/\/www.easysardinia.net\/wp-content\/uploads\/2015\/03\/logo_aquarius_1.png\" alt=\"\" width=\"39\" height=\"39\" srcset=\"http:\/\/www.easysardinia.net\/wp-content\/uploads\/2015\/03\/logo_aquarius_1.png 150w, http:\/\/www.easysardinia.net\/wp-content\/uploads\/2015\/03\/logo_aquarius_1-126x126.png 126w\" sizes=\"(max-width: 39px) 100vw, 39px\" \/><\/a>Orari di apertura:<br \/><\/strong><br \/>Luned\u00ec\/Venerd\u00ec: dalle 09:00 alle 13:00 &#8211; dalle 16:00 alle 19:00<br \/>Sabato: dalle 09:00 alle 13:00<br \/>Giorni di chiusura: Domenica<br \/><br \/><\/p>\n<p><a href=\"http:\/\/www.easysardinia.net\/wp-content\/uploads\/2015\/03\/logo_aquarius_1.png\"><img loading=\"lazy\" class=\"alignleft wp-image-108\" src=\"http:\/\/www.easysardinia.net\/wp-content\/uploads\/2015\/03\/logo_aquarius_1.png\" alt=\"\" width=\"39\" height=\"39\" srcset=\"http:\/\/www.easysardinia.net\/wp-content\/uploads\/2015\/03\/logo_aquarius_1.png 150w, http:\/\/www.easysardinia.net\/wp-content\/uploads\/2015\/03\/logo_aquarius_1-126x126.png 126w\" sizes=\"(max-width: 39px) 100vw, 39px\" \/><\/a>Compila il modulo sottostante il pi\u00f9 dettagliatamente possibile <b>inserendo date di partenza, di ritorno e comprendendo anche la<br \/>sistemazione abitativa preferita<\/b>, e riceverai una risposta il pi\u00f9 presto possibile.<\/p>\n<div role=\"form\" class=\"wpcf7\" id=\"wpcf7-f1083-o1\" lang=\"it-IT\" dir=\"ltr\">\n<div class=\"screen-reader-response\"><p role=\"status\" aria-live=\"polite\" aria-atomic=\"true\"><\/p> <ul><\/ul><\/div>\n<form action=\"\/index.php\/wp-json\/wp\/v2\/pages\/136#wpcf7-f1083-o1\" method=\"post\" class=\"wpcf7-form init\" novalidate=\"novalidate\" data-status=\"init\">\n<div style=\"display: none;\">\n<input type=\"hidden\" name=\"_wpcf7\" value=\"1083\" \/>\n<input type=\"hidden\" name=\"_wpcf7_version\" value=\"5.4\" \/>\n<input type=\"hidden\" name=\"_wpcf7_locale\" value=\"it_IT\" \/>\n<input type=\"hidden\" name=\"_wpcf7_unit_tag\" value=\"wpcf7-f1083-o1\" \/>\n<input type=\"hidden\" name=\"_wpcf7_container_post\" value=\"0\" \/>\n<input type=\"hidden\" name=\"_wpcf7_posted_data_hash\" value=\"\" \/>\n<input type=\"hidden\" name=\"_wpcf7_recaptcha_response\" value=\"\" \/>\n<\/div>\n<p><label> Il tuo nome (richiesto)<br \/>\n    <span class=\"wpcf7-form-control-wrap your-name\"><input type=\"text\" name=\"your-name\" value=\"\" size=\"40\" class=\"wpcf7-form-control wpcf7-text wpcf7-validates-as-required\" aria-required=\"true\" aria-invalid=\"false\" \/><\/span> <\/label><\/p>\n<p><label> La tua email (richiesto)<br \/>\n    <span class=\"wpcf7-form-control-wrap your-email\"><input type=\"email\" name=\"your-email\" value=\"\" size=\"40\" class=\"wpcf7-form-control wpcf7-text wpcf7-email wpcf7-validates-as-required wpcf7-validates-as-email\" aria-required=\"true\" aria-invalid=\"false\" \/><\/span> <\/label><\/p>\n<p><label> Oggetto<br \/>\n    <span class=\"wpcf7-form-control-wrap your-subject\"><input type=\"text\" name=\"your-subject\" value=\"\" size=\"40\" class=\"wpcf7-form-control wpcf7-text\" aria-invalid=\"false\" \/><\/span> <\/label><\/p>\n<p><label> Il tuo messaggio<br \/>\n    <span class=\"wpcf7-form-control-wrap your-message\"><textarea name=\"your-message\" cols=\"40\" rows=\"10\" class=\"wpcf7-form-control wpcf7-textarea\" aria-invalid=\"false\"><\/textarea><\/span> <\/label><\/p>\n<p><label><\/p>\n\n<p> <\/label><\/p>\n<p><span class=\"wpcf7-form-control-wrap newsletter\"><span class=\"wpcf7-form-control wpcf7-checkbox wpcf7-validates-as-required\"><span class=\"wpcf7-list-item first last\"><input type=\"checkbox\" name=\"newsletter[]\" value=\"Accetto le condizioni sulla Privacy\" \/><span class=\"wpcf7-list-item-label\">Accetto le condizioni sulla Privacy<\/span><\/span><\/span><\/span><\/p>\n<p><input type=\"submit\" value=\"Invia\" class=\"wpcf7-form-control wpcf7-submit\" \/><\/p>\n<input type='hidden' class='wpcf7-pum' value='{\"closepopup\":false,\"closedelay\":0,\"openpopup\":false,\"openpopup_id\":0}' \/><div class=\"wpcf7-response-output\" aria-hidden=\"true\"><\/div><\/form><\/div>\n<p><a href=\"http:\/\/www.easysardinia.net\/wp-content\/uploads\/2021\/02\/logo-banner-aquarius.png\"><img loading=\"lazy\" class=\"size-full wp-image-2276 alignright\" src=\"http:\/\/www.easysardinia.net\/wp-content\/uploads\/2021\/02\/logo-banner-aquarius.png\" alt=\"\" width=\"258\" height=\"105\" \/><\/a><\/p>\n\n\n<p><\/p>\n","protected":false},"excerpt":{"rendered":"<p>Aquarius Travel, fondata nel 1997, \u00e8 passione per il viaggio e per la nostra terra, la Sardegna. Nel tempo abbiamo saputo costruire un&#8217;ampia rete di clienti, conquistandone la fiducia, proponendo sempre le soluzioni tecnicamente ed economicamente pi\u00f9 vantaggiose. Nei nostri uffici troverete la disponibilit\u00e0 e professionalit\u00e0 di uno staff qualificato e multilingue che vi aiuter\u00e0 [&hellip;]<\/p>\n","protected":false},"author":1,"featured_media":0,"parent":0,"menu_order":0,"comment_status":"closed","ping_status":"closed","template":"","meta":[],"_links":{"self":[{"href":"http:\/\/www.easysardinia.net\/index.php\/wp-json\/wp\/v2\/pages\/136"}],"collection":[{"href":"http:\/\/www.easysardinia.net\/index.php\/wp-json\/wp\/v2\/pages"}],"about":[{"href":"http:\/\/www.easysardinia.net\/index.php\/wp-json\/wp\/v2\/types\/page"}],"author":[{"embeddable":true,"href":"http:\/\/www.easysardinia.net\/index.php\/wp-json\/wp\/v2\/users\/1"}],"replies":[{"embeddable":true,"href":"http:\/\/www.easysardinia.net\/index.php\/wp-json\/wp\/v2\/comments?post=136"}],"version-history":[{"count":39,"href":"http:\/\/www.easysardinia.net\/index.php\/wp-json\/wp\/v2\/pages\/136\/revisions"}],"predecessor-version":[{"id":2353,"href":"http:\/\/www.easysardinia.net\/index.php\/wp-json\/wp\/v2\/pages\/136\/revisions\/2353"}],"wp:attachment":[{"href":"http:\/\/www.easysardinia.net\/index.php\/wp-json\/wp\/v2\/media?parent=136"}],"curies":[{"name":"wp","href":"https:\/\/api.w.org\/{rel}","templated":true}]}}